{"id":453,"date":"2020-07-16T11:56:21","date_gmt":"2020-07-16T09:56:21","guid":{"rendered":"http:\/\/morganefay.com\/?page_id=453"},"modified":"2025-11-21T15:10:22","modified_gmt":"2025-11-21T14:10:22","slug":"accueil","status":"publish","type":"page","link":"https:\/\/morganefay.com\/","title":{"rendered":""},"content":{"rendered":"<div class=\"wp-block-image\">\n<figure class=\"aligncenter\"><a href=\"http:\/\/morganefay.com\/\"><img loading=\"lazy\" decoding=\"async\" width=\"128\" height=\"40\" src=\"http:\/\/morganefay.com\/wp-content\/uploads\/2020\/07\/GRIFFE-centr\u00e9-mini.jpg\" alt=\"\" class=\"wp-image-617\"\/><\/a><\/figure>\n<\/div>\n\n\n<div style=\"height:20px\" aria-hidden=\"true\" class=\"wp-block-spacer\"><\/div>\n\n\n\n<div id=\"metaslider-id-423\" style=\"max-width: 1100px; margin: 0 auto;\" class=\"ml-slider-3-108-0 metaslider metaslider-flex metaslider-423 ml-slider has-dots-nav ms-theme-outline\" role=\"region\" aria-label=\"Accueil\" data-height=\"500\" data-width=\"1100\">\n    <div id=\"metaslider_container_423\">\n        <div id=\"metaslider_423\">\n            <ul class='slides'>\n                <li style=\"display: block; width: 100%;\" class=\"slide-1161 ms-image \" aria-roledescription=\"slide\" data-date=\"2025-05-04 10:50:37\" data-filename=\"Accueil-galerie-2025-copie.jpg\" data-slide-type=\"image\"><a href=\"https:\/\/morganefay.com\/index.php\/galerie-2025\/\" target=\"_self\" aria-label=\"View Slide Details\" class=\"metaslider_image_link\"><img loading=\"lazy\" decoding=\"async\" src=\"https:\/\/morganefay.com\/wp-content\/uploads\/2025\/05\/Accueil-galerie-2025-copie.jpg\" height=\"500\" width=\"1100\" alt=\"\" class=\"slider-423 slide-1161 msDefaultImage\" title=\"Accueil-galerie 2025 copie\" \/><\/a><\/li>\n                <li style=\"display: none; width: 100%;\" class=\"slide-1056 ms-image \" aria-roledescription=\"slide\" data-date=\"2023-07-18 19:45:17\" data-filename=\"Accueil-5-gravure-2022.jpg\" data-slide-type=\"image\"><a href=\"https:\/\/morganefay.com\/index.php\/galerie-2022\/\" target=\"_self\" aria-label=\"View Slide Details\" class=\"metaslider_image_link\"><img loading=\"lazy\" decoding=\"async\" src=\"https:\/\/morganefay.com\/wp-content\/uploads\/2023\/07\/Accueil-5-gravure-2022.jpg\" height=\"500\" width=\"1100\" alt=\"\" class=\"slider-423 slide-1056 msDefaultImage\" \/><\/a><\/li>\n                <li style=\"display: none; width: 100%;\" class=\"slide-432 ms-image \" aria-roledescription=\"slide\" data-date=\"2020-07-16 11:17:16\" data-filename=\"Accueil-2-affleurements.jpg\" data-slide-type=\"image\"><a href=\"http:\/\/morganefay.com\/index.php\/galerie-2019\/\" target=\"_self\" aria-label=\"View Slide Details\" class=\"metaslider_image_link\"><img loading=\"lazy\" decoding=\"async\" src=\"https:\/\/morganefay.com\/wp-content\/uploads\/2020\/07\/Accueil-2-affleurements.jpg\" height=\"500\" width=\"1100\" alt=\"\" class=\"slider-423 slide-432 msDefaultImage\" \/><\/a><\/li>\n                <li style=\"display: none; width: 100%;\" class=\"slide-434 ms-image \" aria-roledescription=\"slide\" data-date=\"2020-07-16 11:17:46\" data-filename=\"Accueil-2-\u00e9ph\u00e9m\u00e8res_givr\u00e9es.jpg\" data-slide-type=\"image\"><a href=\"http:\/\/morganefay.com\/index.php\/givrees\/\" target=\"_self\" aria-label=\"View Slide Details\" class=\"metaslider_image_link\"><img loading=\"lazy\" decoding=\"async\" src=\"https:\/\/morganefay.com\/wp-content\/uploads\/2020\/07\/Accueil-2-\u00e9ph\u00e9m\u00e8res_givr\u00e9es.jpg\" height=\"500\" width=\"1100\" alt=\"\" class=\"slider-423 slide-434 msDefaultImage\" \/><\/a><\/li>\n                <li style=\"display: none; width: 100%;\" class=\"slide-436 ms-image \" aria-roledescription=\"slide\" data-date=\"2020-07-16 11:18:04\" data-filename=\"Accueil-\u00e9ph\u00e9m\u00e8res-influx.jpg\" data-slide-type=\"image\"><a href=\"http:\/\/morganefay.com\/index.php\/influx\/\" target=\"_self\" aria-label=\"View Slide Details\" class=\"metaslider_image_link\"><img loading=\"lazy\" decoding=\"async\" src=\"https:\/\/morganefay.com\/wp-content\/uploads\/2020\/07\/Accueil-\u00e9ph\u00e9m\u00e8res-influx.jpg\" height=\"500\" width=\"1100\" alt=\"\" class=\"slider-423 slide-436 msDefaultImage\" \/><\/a><\/li>\n                <li style=\"display: none; width: 100%;\" class=\"slide-1182 ms-image \" aria-roledescription=\"slide\" data-date=\"2025-11-21 18:58:26\" data-filename=\"Accueil-galerie-2025_matrices-copie.jpg\" data-slide-type=\"image\"><a href=\"https:\/\/morganefay.com\/index.php\/galerie-2025\/\" target=\"_self\" aria-label=\"View Slide Details\" class=\"metaslider_image_link\"><img loading=\"lazy\" decoding=\"async\" src=\"https:\/\/morganefay.com\/wp-content\/uploads\/2025\/11\/Accueil-galerie-2025_matrices-copie.jpg\" height=\"500\" width=\"1100\" alt=\"\" class=\"slider-423 slide-1182 msDefaultImage\" title=\"Accueil-galerie 2025_matrices copie\" \/><\/a><\/li>\n            <\/ul>\n        <\/div>\n        \n    <\/div>\n<\/div>\n\n\n\n<div style=\"height:20px\" aria-hidden=\"true\" class=\"wp-block-spacer\"><\/div>\n\n\n\n<h5 class=\"wp-block-heading has-text-align-center\"><em>\u00ab\u00a0Des \u00e9critures historiques au langage abstrait : m\u00e9tamorphoses de la lettre en toute libert\u00e9 \u00bb<\/em><br><\/h5>\n","protected":false},"excerpt":{"rendered":"<p>\u00ab\u00a0Des \u00e9critures historiques au langage abstrait : m\u00e9tamorphoses de la lettre en toute libert\u00e9 \u00bb<\/p>\n","protected":false},"author":1,"featured_media":0,"parent":0,"menu_order":0,"comment_status":"closed","ping_status":"closed","template":"","meta":{"ngg_post_thumbnail":0,"footnotes":""},"class_list":["post-453","page","type-page","status-publish","hentry"],"_links":{"self":[{"href":"https:\/\/morganefay.com\/index.php\/wp-json\/wp\/v2\/pages\/453","targetHints":{"allow":["GET"]}}],"collection":[{"href":"https:\/\/morganefay.com\/index.php\/wp-json\/wp\/v2\/pages"}],"about":[{"href":"https:\/\/morganefay.com\/index.php\/wp-json\/wp\/v2\/types\/page"}],"author":[{"embeddable":true,"href":"https:\/\/morganefay.com\/index.php\/wp-json\/wp\/v2\/users\/1"}],"replies":[{"embeddable":true,"href":"https:\/\/morganefay.com\/index.php\/wp-json\/wp\/v2\/comments?post=453"}],"version-history":[{"count":18,"href":"https:\/\/morganefay.com\/index.php\/wp-json\/wp\/v2\/pages\/453\/revisions"}],"predecessor-version":[{"id":1176,"href":"https:\/\/morganefay.com\/index.php\/wp-json\/wp\/v2\/pages\/453\/revisions\/1176"}],"wp:attachment":[{"href":"https:\/\/morganefay.com\/index.php\/wp-json\/wp\/v2\/media?parent=453"}],"curies":[{"name":"wp","href":"https:\/\/api.w.org\/{rel}","templated":true}]}}