{"id":478,"date":"2020-07-16T12:30:09","date_gmt":"2020-07-16T10:30:09","guid":{"rendered":"http:\/\/morganefay.com\/?page_id=478"},"modified":"2021-08-05T14:33:25","modified_gmt":"2021-08-05T12:33:25","slug":"exposition-cheval-blanc","status":"publish","type":"page","link":"https:\/\/morganefay.com\/index.php\/exposition-cheval-blanc\/","title":{"rendered":""},"content":{"rendered":"\n<div class=\"wp-block-image\"><figure class=\"aligncenter\"><a href=\"http:\/\/morganefay.com\/\"><img loading=\"lazy\" decoding=\"async\" width=\"128\" height=\"40\" src=\"http:\/\/morganefay.com\/wp-content\/uploads\/2020\/07\/GRIFFE-centr\u00e9-mini.jpg\" alt=\"\" class=\"wp-image-617\"\/><\/a><\/figure><\/div>\n\n\n\n<div class=\"wp-block-group\"><div class=\"wp-block-group__inner-container is-layout-flow wp-block-group-is-layout-flow\">\n<div class=\"wp-block-media-text alignwide has-media-on-the-right is-stacked-on-mobile\" style=\"grid-template-columns:auto 26%\"><figure class=\"wp-block-media-text__media\"><img loading=\"lazy\" decoding=\"async\" width=\"500\" height=\"707\" src=\"http:\/\/morganefay.com\/wp-content\/uploads\/2020\/07\/2020_cheval-b-lanc-3.jpg\" alt=\"\" class=\"wp-image-561\" srcset=\"https:\/\/morganefay.com\/wp-content\/uploads\/2020\/07\/2020_cheval-b-lanc-3.jpg 500w, https:\/\/morganefay.com\/wp-content\/uploads\/2020\/07\/2020_cheval-b-lanc-3-212x300.jpg 212w\" sizes=\"auto, (max-width: 500px) 100vw, 500px\" \/><\/figure><div class=\"wp-block-media-text__content\">\n<h3 class=\"wp-block-heading\">Expositions :  M\u00e9diath\u00e8que de Cheval-Blanc <\/h3>\n\n\n\n<p class=\"has-text-align-left\">Exposition de calligraphie du 7 juillet au 29 ao\u00fbt \u00e0 la m\u00e9diath\u00e8que de Cheval-Blanc<\/p>\n\n\n\n<p>11 All\u00e9e des Lauriers 84460&nbsp;<strong>Cheval<\/strong>&#8211;<strong>Blanc<\/strong>&nbsp;&#8211; 04.90.71.90.30 <\/p>\n\n\n\n<p><strong>Horaires ouverture&nbsp;:<\/strong><\/p>\n\n\n\n<p>mardi\u00a0: 15\/18h \u2013 mercredi\u00a0: 10\/13h \u2013 vendredi : 15\/18h &#8211; samedi\u00a0: 10\/13h <\/p>\n\n\n\n<p><font _mstmutation=\"1\" _msthash=\"1196988\"><\/p>\n\n\n\n<p class=\"has-large-font-size\"><font _mstmutation=\"1\" _msthash=\"1126229\"><\/p>\n<\/div><\/div>\n<\/div><\/div>\n\n\n\n<div style=\"height:20px\" aria-hidden=\"true\" class=\"wp-block-spacer\"><\/div>\n\n\n\n<hr class=\"wp-block-separator\"\/>\n","protected":false},"excerpt":{"rendered":"<p>Expositions : M\u00e9diath\u00e8que de Cheval-Blanc Exposition de calligraphie du 7 juillet au 29 ao\u00fbt \u00e0 la m\u00e9diath\u00e8que de Cheval-Blanc 11 All\u00e9e des Lauriers 84460&nbsp;Cheval&#8211;Blanc&nbsp;&#8211; 04.90.71.90.30 Horaires ouverture&nbsp;: mardi\u00a0: 15\/18h \u2013 mercredi\u00a0: 10\/13h \u2013 vendredi : 15\/18h &#8211; samedi\u00a0: 10\/13h<\/p>\n","protected":false},"author":1,"featured_media":0,"parent":0,"menu_order":0,"comment_status":"closed","ping_status":"closed","template":"","meta":{"ngg_post_thumbnail":0,"footnotes":""},"class_list":["post-478","page","type-page","status-publish","hentry"],"_links":{"self":[{"href":"https:\/\/morganefay.com\/index.php\/wp-json\/wp\/v2\/pages\/478","targetHints":{"allow":["GET"]}}],"collection":[{"href":"https:\/\/morganefay.com\/index.php\/wp-json\/wp\/v2\/pages"}],"about":[{"href":"https:\/\/morganefay.com\/index.php\/wp-json\/wp\/v2\/types\/page"}],"author":[{"embeddable":true,"href":"https:\/\/morganefay.com\/index.php\/wp-json\/wp\/v2\/users\/1"}],"replies":[{"embeddable":true,"href":"https:\/\/morganefay.com\/index.php\/wp-json\/wp\/v2\/comments?post=478"}],"version-history":[{"count":24,"href":"https:\/\/morganefay.com\/index.php\/wp-json\/wp\/v2\/pages\/478\/revisions"}],"predecessor-version":[{"id":957,"href":"https:\/\/morganefay.com\/index.php\/wp-json\/wp\/v2\/pages\/478\/revisions\/957"}],"wp:attachment":[{"href":"https:\/\/morganefay.com\/index.php\/wp-json\/wp\/v2\/media?parent=478"}],"curies":[{"name":"wp","href":"https:\/\/api.w.org\/{rel}","templated":true}]}}