{"id":740,"date":"2020-07-19T16:06:00","date_gmt":"2020-07-19T14:06:00","guid":{"rendered":"http:\/\/morganefay.com\/?page_id=740"},"modified":"2026-04-13T14:40:03","modified_gmt":"2026-04-13T12:40:03","slug":"givrees","status":"publish","type":"page","link":"https:\/\/morganefay.com\/index.php\/givrees\/","title":{"rendered":""},"content":{"rendered":"<div class=\"wp-block-image\">\n<figure class=\"aligncenter size-large\"><a href=\"http:\/\/morganefay.com\/\"><img loading=\"lazy\" decoding=\"async\" width=\"128\" height=\"40\" src=\"http:\/\/morganefay.com\/wp-content\/uploads\/2020\/07\/GRIFFE-centr\u00e9-mini.jpg\" alt=\"\" class=\"wp-image-617\"\/><\/a><\/figure>\n<\/div>\n\n\n<div style=\"height:20px\" aria-hidden=\"true\" class=\"wp-block-spacer\"><\/div>\n\n\n\n<h3 class=\"wp-block-heading has-text-align-center\">Givr\u00e9es<\/h3>\n\n\n\n<div style=\"height:20px\" aria-hidden=\"true\" class=\"wp-block-spacer\"><\/div>\n\n\n\n<p>La prise de conscience qu&#8217;un geste ordinaire (gratter le givre sur le pare-brise d&#8217;une voiture) portait en lui toutes les possibilit\u00e9s d&#8217;une expression g\u00e9n\u00e9reuse. Support offert\/d\u00e9pos\u00e9 sur la vitre chaque matin, ne restait plus qu&#8217;\u00e0 y m\u00ealer l&#8217;humeur de la main, jusqu&#8217;\u00e0 ce que le soleil s&#8217;en empare.<\/p>\n\n\n\n<p>Ce travail suscit\u00e9 l&#8217;envie de travailler \u00e0 4 mains. Les po\u00e8mes d\u2019Adriana Rolland sont venus faire \u00e9cho aux calligraphies, ce qui a donn\u00e9 naissance au recueil&nbsp;<em>&#8220;Calligraphies givr\u00e9es&#8221; <\/em>\u00e9labor\u00e9 en 2011.<\/p>\n\n\n\n<p>&nbsp;<em>\u00ab&nbsp;Sur le chemin des \u00e9coliers, \u00e0 la faveur d\u2019un hiver g\u00e9n\u00e9reux en givres surprenants, la prise de conscience d\u2019un support glac\u00e9 qui s\u2019offre, la sensation d\u2019une promenade calligraphique. \u00c9lan aussi spontan\u00e9 qu\u2019\u00e9ph\u00e9m\u00e8re. Effusion de graphies trac\u00e9es au vol sur un banal pare-brise givr\u00e9. Bonheur de faire virevolter d\u2019improbables copeaux glac\u00e9s dans le brouillard des petits matins blancs, juste s\u2019abandonner \u00e0 l\u2019humeur matinale, celle de la glace, celle de la main.<\/em><br><em>Quelques prises de vue ont saisi et fix\u00e9 ces traces, puis les mots slaves d\u2019Adriana sont venus se poser. Illustrations et dialogues bilingues avec ces escapades gestuelles&#8230;&nbsp;\u00bb<\/em><\/p>\n\n\n\n<p>Quarante-quatre pages parues en auto-\u00e9dition en avril 2012. Imprim\u00e9 par&nbsp;<em>\u00ab&nbsp;Au fil des pages&nbsp;\u00bb<\/em>&nbsp;\u00e0 St Selves (33). Merci \u00e0 Bernard Broca-Brisson pour son \u0153il attentif.<\/p>\n\n\n\nngg_shortcode_0_placeholder\n\n\n\n<hr class=\"wp-block-separator has-css-opacity\"\/>\n","protected":false},"excerpt":{"rendered":"<p>Givr\u00e9es La prise de conscience qu&#8217;un geste ordinaire (gratter le givre sur le pare-brise d&#8217;une voiture) portait en lui toutes les possibilit\u00e9s d&#8217;une expression g\u00e9n\u00e9reuse. Support offert\/d\u00e9pos\u00e9 sur la vitre chaque matin, ne restait plus qu&#8217;\u00e0 y m\u00ealer l&#8217;humeur de la main, jusqu&#8217;\u00e0 ce que le soleil s&#8217;en empare. Ce travail suscit\u00e9 l&#8217;envie de travailler&hellip;<\/p>\n","protected":false},"author":1,"featured_media":0,"parent":0,"menu_order":0,"comment_status":"closed","ping_status":"closed","template":"","meta":{"ngg_post_thumbnail":0,"footnotes":""},"class_list":["post-740","page","type-page","status-publish","hentry"],"_links":{"self":[{"href":"https:\/\/morganefay.com\/index.php\/wp-json\/wp\/v2\/pages\/740","targetHints":{"allow":["GET"]}}],"collection":[{"href":"https:\/\/morganefay.com\/index.php\/wp-json\/wp\/v2\/pages"}],"about":[{"href":"https:\/\/morganefay.com\/index.php\/wp-json\/wp\/v2\/types\/page"}],"author":[{"embeddable":true,"href":"https:\/\/morganefay.com\/index.php\/wp-json\/wp\/v2\/users\/1"}],"replies":[{"embeddable":true,"href":"https:\/\/morganefay.com\/index.php\/wp-json\/wp\/v2\/comments?post=740"}],"version-history":[{"count":13,"href":"https:\/\/morganefay.com\/index.php\/wp-json\/wp\/v2\/pages\/740\/revisions"}],"predecessor-version":[{"id":1557,"href":"https:\/\/morganefay.com\/index.php\/wp-json\/wp\/v2\/pages\/740\/revisions\/1557"}],"wp:attachment":[{"href":"https:\/\/morganefay.com\/index.php\/wp-json\/wp\/v2\/media?parent=740"}],"curies":[{"name":"wp","href":"https:\/\/api.w.org\/{rel}","templated":true}]}}