{"id":743,"date":"2020-07-19T16:06:27","date_gmt":"2020-07-19T14:06:27","guid":{"rendered":"http:\/\/morganefay.com\/?page_id=743"},"modified":"2026-04-13T14:42:08","modified_gmt":"2026-04-13T12:42:08","slug":"influx","status":"publish","type":"page","link":"https:\/\/morganefay.com\/index.php\/influx\/","title":{"rendered":""},"content":{"rendered":"<div class=\"wp-block-image\">\n<figure class=\"aligncenter size-large\"><a href=\"http:\/\/morganefay.com\/\"><img loading=\"lazy\" decoding=\"async\" width=\"128\" height=\"40\" src=\"http:\/\/morganefay.com\/wp-content\/uploads\/2020\/07\/GRIFFE-centr\u00e9-mini.jpg\" alt=\"\" class=\"wp-image-617\"\/><\/a><\/figure>\n<\/div>\n\n\n<div style=\"height:20px\" aria-hidden=\"true\" class=\"wp-block-spacer\"><\/div>\n\n\n\n<h3 class=\"wp-block-heading has-text-align-center\">Influx<\/h3>\n\n\n\n<div style=\"height:20px\" aria-hidden=\"true\" class=\"wp-block-spacer\"><\/div>\n\n\n\n<p><em>&#8221; Conciliabule entre l&#8217;eau et la lumi\u00e8re<\/em>  &#8220;<\/p>\n\n\n\n<p>En prolongement des &#8220;Givr\u00e9es&#8221;, l&#8217;eau s\u2019est impos\u00e9e par l&#8217;heureux hasard d\u2019un support m\u00e9tallique lav\u00e9 qui pr\u00e9sentait toutes les pistes d&#8217;un nouvel univers. <\/p>\n\n\n\n<p>De gouttelettes en n\u00e9buleuses aqueuses un syst\u00e8me s\u2019est constitu\u00e9&#8230;<\/p>\n\n\n\n<div style=\"height:21px\" aria-hidden=\"true\" class=\"wp-block-spacer\"><\/div>\n\n\n\nngg_shortcode_0_placeholder\n\n\n\n<hr class=\"wp-block-separator has-css-opacity\"\/>\n","protected":false},"excerpt":{"rendered":"<p>Influx &#8221; Conciliabule entre l&#8217;eau et la lumi\u00e8re &#8220; En prolongement des &#8220;Givr\u00e9es&#8221;, l&#8217;eau s\u2019est impos\u00e9e par l&#8217;heureux hasard d\u2019un support m\u00e9tallique lav\u00e9 qui pr\u00e9sentait toutes les pistes d&#8217;un nouvel univers. De gouttelettes en n\u00e9buleuses aqueuses un syst\u00e8me s\u2019est constitu\u00e9&#8230;<\/p>\n","protected":false},"author":1,"featured_media":0,"parent":0,"menu_order":0,"comment_status":"closed","ping_status":"closed","template":"","meta":{"ngg_post_thumbnail":0,"footnotes":""},"class_list":["post-743","page","type-page","status-publish","hentry"],"_links":{"self":[{"href":"https:\/\/morganefay.com\/index.php\/wp-json\/wp\/v2\/pages\/743","targetHints":{"allow":["GET"]}}],"collection":[{"href":"https:\/\/morganefay.com\/index.php\/wp-json\/wp\/v2\/pages"}],"about":[{"href":"https:\/\/morganefay.com\/index.php\/wp-json\/wp\/v2\/types\/page"}],"author":[{"embeddable":true,"href":"https:\/\/morganefay.com\/index.php\/wp-json\/wp\/v2\/users\/1"}],"replies":[{"embeddable":true,"href":"https:\/\/morganefay.com\/index.php\/wp-json\/wp\/v2\/comments?post=743"}],"version-history":[{"count":11,"href":"https:\/\/morganefay.com\/index.php\/wp-json\/wp\/v2\/pages\/743\/revisions"}],"predecessor-version":[{"id":1558,"href":"https:\/\/morganefay.com\/index.php\/wp-json\/wp\/v2\/pages\/743\/revisions\/1558"}],"wp:attachment":[{"href":"https:\/\/morganefay.com\/index.php\/wp-json\/wp\/v2\/media?parent=743"}],"curies":[{"name":"wp","href":"https:\/\/api.w.org\/{rel}","templated":true}]}}