{"id":945,"date":"2021-08-05T14:30:55","date_gmt":"2021-08-05T12:30:55","guid":{"rendered":"https:\/\/morganefay.com\/?page_id=945"},"modified":"2021-08-05T16:01:55","modified_gmt":"2021-08-05T14:01:55","slug":"exposition-chant-libre","status":"publish","type":"page","link":"https:\/\/morganefay.com\/index.php\/exposition-chant-libre\/","title":{"rendered":""},"content":{"rendered":"\n<div class=\"wp-block-image\"><figure class=\"aligncenter\"><a href=\"http:\/\/morganefay.com\/\"><img loading=\"lazy\" decoding=\"async\" width=\"128\" height=\"40\" src=\"http:\/\/morganefay.com\/wp-content\/uploads\/2020\/07\/GRIFFE-centr\u00e9-mini.jpg\" alt=\"\" class=\"wp-image-617\"\/><\/a><\/figure><\/div>\n\n\n\n<div class=\"wp-block-media-text alignwide has-media-on-the-right is-stacked-on-mobile\" style=\"grid-template-columns:auto 25%\"><figure class=\"wp-block-media-text__media\"><img loading=\"lazy\" decoding=\"async\" width=\"354\" height=\"500\" src=\"https:\/\/morganefay.com\/wp-content\/uploads\/2021\/08\/2019_EXPO-Fay-Bessede-.jpg\" alt=\"\" class=\"wp-image-946\" srcset=\"https:\/\/morganefay.com\/wp-content\/uploads\/2021\/08\/2019_EXPO-Fay-Bessede-.jpg 354w, https:\/\/morganefay.com\/wp-content\/uploads\/2021\/08\/2019_EXPO-Fay-Bessede--212x300.jpg 212w\" sizes=\"auto, (max-width: 354px) 100vw, 354px\" \/><\/figure><div class=\"wp-block-media-text__content\">\n<h3 class=\"wp-block-heading\">Expositions :   Librairie \/ Galerie &#8211; Chant libre <\/h3>\n\n\n\n<p class=\"has-text-align-left\">Exposition avec Dliss  du 15 juin au 31 ao\u00fbt chez Chant libre<\/p>\n\n\n\n<p>22 place des Clercs \u00e0 Mont\u00e9limar<font _mstmutation=\"1\" _msthash=\"0\"><font _mstmutation=\"1\" _msthash=\"1158768\"><\/font><\/font><\/p>\n\n\n\n<p><strong>Horaires ouverture&nbsp;:<\/strong><\/p>\n\n\n\n<p>9h00\/12h00 &#8211; 14h30\/19h00<\/p>\n\n\n\n<p>Ferm\u00e9 dimanche et lundi<\/p>\n<\/div><\/div>\n\n\n\n<div style=\"height:20px\" aria-hidden=\"true\" class=\"wp-block-spacer\"><\/div>\n\n\n\n<hr class=\"wp-block-separator\"\/>\n\n\n\n<div style=\"height:20px\" aria-hidden=\"true\" class=\"wp-block-spacer\"><\/div>\n\n\n\n<div id=\"metaslider-id-962\" style=\"max-width: 900px; margin: 0 auto;\" class=\"ml-slider-3-107-0 metaslider metaslider-flex metaslider-962 ml-slider has-dots-nav ms-theme-outline\" role=\"region\" aria-label=\"Chant libre\" data-height=\"300\" data-width=\"900\">\n    <div id=\"metaslider_container_962\">\n        <div id=\"metaslider_962\">\n            <ul class='slides'>\n                <li style=\"display: block; width: 100%;\" class=\"slide-966 ms-image \" aria-roledescription=\"slide\" data-date=\"2021-08-05 15:17:14\" data-filename=\"chantlibre300x900_5.jpg\" data-slide-type=\"image\"><img loading=\"lazy\" decoding=\"async\" src=\"https:\/\/morganefay.com\/wp-content\/uploads\/2021\/08\/chantlibre300x900_5.jpg\" height=\"300\" width=\"900\" alt=\"\" class=\"slider-962 slide-966 msDefaultImage\" title=\"chantlibre300x900_5\" \/><\/li>\n                <li style=\"display: none; width: 100%;\" class=\"slide-967 ms-image \" aria-roledescription=\"slide\" data-date=\"2021-08-05 15:17:14\" data-filename=\"chantlibre300x900_3.jpg\" data-slide-type=\"image\"><img loading=\"lazy\" decoding=\"async\" src=\"https:\/\/morganefay.com\/wp-content\/uploads\/2021\/08\/chantlibre300x900_3.jpg\" height=\"300\" width=\"900\" alt=\"\" class=\"slider-962 slide-967 msDefaultImage\" title=\"chantlibre300x900_3\" \/><\/li>\n                <li style=\"display: none; width: 100%;\" class=\"slide-968 ms-image \" aria-roledescription=\"slide\" data-date=\"2021-08-05 15:17:14\" data-filename=\"chantlibre300x900_1.jpg\" data-slide-type=\"image\"><img loading=\"lazy\" decoding=\"async\" src=\"https:\/\/morganefay.com\/wp-content\/uploads\/2021\/08\/chantlibre300x900_1.jpg\" height=\"300\" width=\"900\" alt=\"\" class=\"slider-962 slide-968 msDefaultImage\" title=\"chantlibre300x900_1\" \/><\/li>\n                <li style=\"display: none; width: 100%;\" class=\"slide-981 ms-image \" aria-roledescription=\"slide\" data-date=\"2021-08-05 16:01:17\" data-filename=\"chantlibre300x900_2.jpg\" data-slide-type=\"image\"><img loading=\"lazy\" decoding=\"async\" src=\"https:\/\/morganefay.com\/wp-content\/uploads\/2021\/08\/chantlibre300x900_2.jpg\" height=\"300\" width=\"900\" alt=\"\" class=\"slider-962 slide-981 msDefaultImage\" title=\"chantlibre300x900_2\" \/><\/li>\n            <\/ul>\n        <\/div>\n        \n    <\/div>\n<\/div>\n\n\n\n<div style=\"height:20px\" aria-hidden=\"true\" class=\"wp-block-spacer\"><\/div>\n\n\n\n<hr class=\"wp-block-separator\"\/>\n","protected":false},"excerpt":{"rendered":"<p>Expositions : Librairie \/ Galerie &#8211; Chant libre Exposition avec Dliss du 15 juin au 31 ao\u00fbt chez Chant libre 22 place des Clercs \u00e0 Mont\u00e9limar Horaires ouverture&nbsp;: 9h00\/12h00 &#8211; 14h30\/19h00 Ferm\u00e9 dimanche et lundi<\/p>\n","protected":false},"author":1,"featured_media":0,"parent":0,"menu_order":0,"comment_status":"closed","ping_status":"closed","template":"","meta":{"ngg_post_thumbnail":0,"footnotes":""},"class_list":["post-945","page","type-page","status-publish","hentry"],"_links":{"self":[{"href":"https:\/\/morganefay.com\/index.php\/wp-json\/wp\/v2\/pages\/945","targetHints":{"allow":["GET"]}}],"collection":[{"href":"https:\/\/morganefay.com\/index.php\/wp-json\/wp\/v2\/pages"}],"about":[{"href":"https:\/\/morganefay.com\/index.php\/wp-json\/wp\/v2\/types\/page"}],"author":[{"embeddable":true,"href":"https:\/\/morganefay.com\/index.php\/wp-json\/wp\/v2\/users\/1"}],"replies":[{"embeddable":true,"href":"https:\/\/morganefay.com\/index.php\/wp-json\/wp\/v2\/comments?post=945"}],"version-history":[{"count":10,"href":"https:\/\/morganefay.com\/index.php\/wp-json\/wp\/v2\/pages\/945\/revisions"}],"predecessor-version":[{"id":982,"href":"https:\/\/morganefay.com\/index.php\/wp-json\/wp\/v2\/pages\/945\/revisions\/982"}],"wp:attachment":[{"href":"https:\/\/morganefay.com\/index.php\/wp-json\/wp\/v2\/media?parent=945"}],"curies":[{"name":"wp","href":"https:\/\/api.w.org\/{rel}","templated":true}]}}